{"id":2685,"date":"2022-03-05T17:16:01","date_gmt":"2022-03-05T14:16:01","guid":{"rendered":"https:\/\/bodrumyarimaratonu.com\/foto-galley-2019\/"},"modified":"2024-12-27T01:02:13","modified_gmt":"2024-12-26T22:02:13","slug":"foto-galley-2019","status":"publish","type":"page","link":"https:\/\/bodrumyarimaratonu.com\/en\/foto-galley-2019\/","title":{"rendered":"FOTO GALLEY 2019"},"content":{"rendered":"<div id='full_slider_1'  class='avia-fullwidth-slider main_color avia-shadow   avia-builder-el-0  el_before_av_one_fourth  avia-builder-el-first   container_wrap sidebar_right' style=' '  ><div   data-size='featured'  data-lightbox_size='large'  data-animation='slide'  data-conditional_play=''  data-ids='4249'  data-video_counter='0'  data-autoplay='false'  data-bg_slider='false'  data-slide_height=''  data-handle='av_slideshow_full'  data-interval='5'  data-class=' '  data-el_id=''  data-css_id=''  data-scroll_down=''  data-control_layout='av-control-default'  data-custom_markup=''  data-perma_caption=''  data-autoplay_stopper=''  data-image_attachment=''  data-min_height='0px'  data-lazy_loading='disabled'  data-src=''  data-position='top left'  data-repeat='no-repeat'  data-attach='scroll'  data-stretch=''  data-default-height='28.666666666667'  class='avia-slideshow avia-slideshow-1  av-control-default av-default-height-applied avia-slideshow-featured av_slideshow_full   avia-slide-slider '  itemprop=\"image\" itemscope=\"itemscope\" itemtype=\"https:\/\/schema.org\/ImageObject\" ><ul class='avia-slideshow-inner ' style='padding-bottom: 20%;' ><li  class=' av-single-slide slide-1 ' ><div data-rel='slideshow-1' class='avia-slide-wrap '   ><img decoding=\"async\" class=\"wp-image-4249 avia-img-lazy-loading-not-4249\"  src=\"https:\/\/bodrumyarimaratonu.com\/wp-content\/uploads\/2024\/12\/BYM25_Slider_1500x300.jpg?wsr\" width=\"1500\" height=\"300\" title='BYM25_Slider_1500x300' alt=''  itemprop=\"thumbnailUrl\" srcset=\"https:\/\/bodrumyarimaratonu.com\/wp-content\/uploads\/2024\/12\/BYM25_Slider_1500x300.jpg 1500w, https:\/\/bodrumyarimaratonu.com\/wp-content\/uploads\/2024\/12\/BYM25_Slider_1500x300-300x60.jpg 300w, https:\/\/bodrumyarimaratonu.com\/wp-content\/uploads\/2024\/12\/BYM25_Slider_1500x300-1030x206.jpg 1030w, https:\/\/bodrumyarimaratonu.com\/wp-content\/uploads\/2024\/12\/BYM25_Slider_1500x300-768x154.jpg 768w, https:\/\/bodrumyarimaratonu.com\/wp-content\/uploads\/2024\/12\/BYM25_Slider_1500x300-705x141.jpg 705w\" sizes=\"(max-width: 1500px) 100vw, 1500px\" \/><\/div><\/li><\/ul><\/div><\/div><div id='after_full_slider_1'  class='main_color av_default_container_wrap container_wrap sidebar_right' style=' '  ><div class='container' ><div class='template-page content  av-content-small alpha units'><div class='post-entry post-entry-type-page post-entry-2685'><div class='entry-content-wrapper clearfix'>\n<div class=\"flex_column av_one_fourth  av-animated-generic bottom-to-top  flex_column_div av-zero-column-padding avia-link-column av-column-link avia-link-column-hover first  avia-builder-el-1  el_after_av_slideshow_full  el_before_av_one_fourth  avia-builder-el-first  \" style='border-radius:0px; ' data-link-column-url=\"https:\/\/photos.google.com\/share\/AF1QipPeE4Pd_cTcACCktFIC58fWRi-m9BHiyWQ_TqtrJNaZwcbSdjMhEjidonZhnt6dbA?key=UmpoalhNZ2traDBDSjNudk55dXBITE14REFYX0lR\"  data-link-column-target=\"_blank\" ><a class=\"av-screen-reader-only\" href=\"https:\/\/photos.google.com\/share\/AF1QipPeE4Pd_cTcACCktFIC58fWRi-m9BHiyWQ_TqtrJNaZwcbSdjMhEjidonZhnt6dbA?key=UmpoalhNZ2traDBDSjNudk55dXBITE14REFYX0lR\" target=\"_blank\" rel=\"noopener\">Follow a manual added link<\/a><p><div  class='avia-image-container  av-styling-    avia-builder-el-2  el_before_av_textblock  avia-builder-el-first  avia-align-center '  itemprop=\"image\" itemscope=\"itemscope\" itemtype=\"https:\/\/schema.org\/ImageObject\"  ><div class='avia-image-container-inner'><div class='avia-image-overlay-wrap'><img decoding=\"async\" class='wp-image-2532 avia-img-lazy-loading-not-2532 avia_image' src=\"https:\/\/bodrumyarimaratonu.com\/wp-content\/uploads\/2022\/03\/2019-1.jpg?wsr\" alt='' title='2019-1' height=\"270\" width=\"270\"  itemprop=\"thumbnailUrl\" srcset=\"https:\/\/bodrumyarimaratonu.com\/wp-content\/uploads\/2022\/03\/2019-1.jpg 270w, https:\/\/bodrumyarimaratonu.com\/wp-content\/uploads\/2022\/03\/2019-1-80x80.jpg 80w, https:\/\/bodrumyarimaratonu.com\/wp-content\/uploads\/2022\/03\/2019-1-36x36.jpg 36w, https:\/\/bodrumyarimaratonu.com\/wp-content\/uploads\/2022\/03\/2019-1-180x180.jpg 180w\" sizes=\"(max-width: 270px) 100vw, 270px\" \/><\/div><\/div><\/div><br \/>\n<section class=\"av_textblock_section \"  itemscope=\"itemscope\" itemtype=\"https:\/\/schema.org\/CreativeWork\" ><div class='avia_textblock  '   itemprop=\"text\" ><p style=\"text-align: center;\"><strong>ALBUM 1<\/strong><\/p>\n<\/div><\/section><\/p><\/div>\n<div class=\"flex_column av_one_fourth  av-animated-generic bottom-to-top  flex_column_div av-zero-column-padding avia-link-column av-column-link avia-link-column-hover   avia-builder-el-4  el_after_av_one_fourth  el_before_av_one_fourth  \" style='border-radius:0px; ' data-link-column-url=\"https:\/\/photos.google.com\/share\/AF1QipMzmV0VbJrHNOPQr8HfoLNivNuopuAFN7sjiMX9M-KFWm29OgzoNPxrlW9BEuHjBw?key=XzZ4YmVyZlJKYmt6LVFWR0lWQ05wLUEzZ1RiQlZ3\"  data-link-column-target=\"_blank\" ><a class=\"av-screen-reader-only\" href=\"https:\/\/photos.google.com\/share\/AF1QipMzmV0VbJrHNOPQr8HfoLNivNuopuAFN7sjiMX9M-KFWm29OgzoNPxrlW9BEuHjBw?key=XzZ4YmVyZlJKYmt6LVFWR0lWQ05wLUEzZ1RiQlZ3\" target=\"_blank\" rel=\"noopener\">Follow a manual added link<\/a><p><div  class='avia-image-container  av-styling-    avia-builder-el-5  el_before_av_textblock  avia-builder-el-first  avia-align-center '  itemprop=\"image\" itemscope=\"itemscope\" itemtype=\"https:\/\/schema.org\/ImageObject\"  ><div class='avia-image-container-inner'><div class='avia-image-overlay-wrap'><img decoding=\"async\" class='wp-image-2533 avia-img-lazy-loading-not-2533 avia_image' src=\"https:\/\/bodrumyarimaratonu.com\/wp-content\/uploads\/2022\/03\/2019-2.jpg?wsr\" alt='' title='2019-2' height=\"270\" width=\"270\"  itemprop=\"thumbnailUrl\" srcset=\"https:\/\/bodrumyarimaratonu.com\/wp-content\/uploads\/2022\/03\/2019-2.jpg 270w, https:\/\/bodrumyarimaratonu.com\/wp-content\/uploads\/2022\/03\/2019-2-80x80.jpg 80w, https:\/\/bodrumyarimaratonu.com\/wp-content\/uploads\/2022\/03\/2019-2-36x36.jpg 36w, https:\/\/bodrumyarimaratonu.com\/wp-content\/uploads\/2022\/03\/2019-2-180x180.jpg 180w\" sizes=\"(max-width: 270px) 100vw, 270px\" \/><\/div><\/div><\/div><br \/>\n<section class=\"av_textblock_section \"  itemscope=\"itemscope\" itemtype=\"https:\/\/schema.org\/CreativeWork\" ><div class='avia_textblock  '   itemprop=\"text\" ><p style=\"text-align: center;\"><strong>ALBUM 2<\/strong><\/p>\n<\/div><\/section><\/p><\/div>\n<div class=\"flex_column av_one_fourth  av-animated-generic bottom-to-top  flex_column_div av-zero-column-padding avia-link-column av-column-link avia-link-column-hover   avia-builder-el-7  el_after_av_one_fourth  el_before_av_one_fourth  \" style='border-radius:0px; ' data-link-column-url=\"https:\/\/photos.google.com\/share\/AF1QipOhPNYt-5BwUlxMyJsutltSak3STNZWSEdpNXeQrMHqeICRMjmolJfiUdECYwPDWQ?key=RGRNOG5UenBVdDBJc0RCZkI1TnJTMkVsZ0VVWnZR\"  data-link-column-target=\"_blank\" ><a class=\"av-screen-reader-only\" href=\"https:\/\/photos.google.com\/share\/AF1QipOhPNYt-5BwUlxMyJsutltSak3STNZWSEdpNXeQrMHqeICRMjmolJfiUdECYwPDWQ?key=RGRNOG5UenBVdDBJc0RCZkI1TnJTMkVsZ0VVWnZR\" target=\"_blank\" rel=\"noopener\">Follow a manual added link<\/a><p><div  class='avia-image-container  av-styling-    avia-builder-el-8  el_before_av_textblock  avia-builder-el-first  avia-align-center '  itemprop=\"image\" itemscope=\"itemscope\" itemtype=\"https:\/\/schema.org\/ImageObject\"  ><div class='avia-image-container-inner'><div class='avia-image-overlay-wrap'><img decoding=\"async\" class='wp-image-2534 avia-img-lazy-loading-not-2534 avia_image' src=\"https:\/\/bodrumyarimaratonu.com\/wp-content\/uploads\/2022\/03\/2019-3.jpg?wsr\" alt='' title='2019-3' height=\"270\" width=\"270\"  itemprop=\"thumbnailUrl\" srcset=\"https:\/\/bodrumyarimaratonu.com\/wp-content\/uploads\/2022\/03\/2019-3.jpg 270w, https:\/\/bodrumyarimaratonu.com\/wp-content\/uploads\/2022\/03\/2019-3-80x80.jpg 80w, https:\/\/bodrumyarimaratonu.com\/wp-content\/uploads\/2022\/03\/2019-3-36x36.jpg 36w, https:\/\/bodrumyarimaratonu.com\/wp-content\/uploads\/2022\/03\/2019-3-180x180.jpg 180w\" sizes=\"(max-width: 270px) 100vw, 270px\" \/><\/div><\/div><\/div><br \/>\n<section class=\"av_textblock_section \"  itemscope=\"itemscope\" itemtype=\"https:\/\/schema.org\/CreativeWork\" ><div class='avia_textblock  '   itemprop=\"text\" ><p style=\"text-align: center;\"><strong>ALBUM 3<\/strong><\/p>\n<\/div><\/section><\/p><\/div>\n<div class=\"flex_column av_one_fourth  av-animated-generic bottom-to-top  flex_column_div av-zero-column-padding avia-link-column av-column-link avia-link-column-hover   avia-builder-el-10  el_after_av_one_fourth  el_before_av_one_fourth  \" style='border-radius:0px; ' data-link-column-url=\"https:\/\/photos.google.com\/share\/AF1QipPacQw7Y3J0lsel8oAOz9rwXKdo92kLTOZpX8MI3pgQRQtfaTQvw5VtcsEljssqdg?key=U0FZb3Z0YlV5cjV4ei1xR0lVWE9sQWtjRnhJVjBn\"  data-link-column-target=\"_blank\" ><a class=\"av-screen-reader-only\" href=\"https:\/\/photos.google.com\/share\/AF1QipPacQw7Y3J0lsel8oAOz9rwXKdo92kLTOZpX8MI3pgQRQtfaTQvw5VtcsEljssqdg?key=U0FZb3Z0YlV5cjV4ei1xR0lVWE9sQWtjRnhJVjBn\" target=\"_blank\" rel=\"noopener\">Follow a manual added link<\/a><p><div  class='avia-image-container  av-styling-    avia-builder-el-11  el_before_av_textblock  avia-builder-el-first  avia-align-center '  itemprop=\"image\" itemscope=\"itemscope\" itemtype=\"https:\/\/schema.org\/ImageObject\"  ><div class='avia-image-container-inner'><div class='avia-image-overlay-wrap'><img decoding=\"async\" class='wp-image-2535 avia-img-lazy-loading-not-2535 avia_image' src=\"https:\/\/bodrumyarimaratonu.com\/wp-content\/uploads\/2022\/03\/2019-4.jpg?wsr\" alt='' title='2019-4' height=\"270\" width=\"270\"  itemprop=\"thumbnailUrl\" srcset=\"https:\/\/bodrumyarimaratonu.com\/wp-content\/uploads\/2022\/03\/2019-4.jpg 270w, https:\/\/bodrumyarimaratonu.com\/wp-content\/uploads\/2022\/03\/2019-4-80x80.jpg 80w, https:\/\/bodrumyarimaratonu.com\/wp-content\/uploads\/2022\/03\/2019-4-36x36.jpg 36w, https:\/\/bodrumyarimaratonu.com\/wp-content\/uploads\/2022\/03\/2019-4-180x180.jpg 180w\" sizes=\"(max-width: 270px) 100vw, 270px\" \/><\/div><\/div><\/div><br \/>\n<section class=\"av_textblock_section \"  itemscope=\"itemscope\" itemtype=\"https:\/\/schema.org\/CreativeWork\" ><div class='avia_textblock  '   itemprop=\"text\" ><p style=\"text-align: center;\"><strong>ALBUM 4<\/strong><\/p>\n<\/div><\/section><\/p><\/div>\n<div class=\"flex_column av_one_fourth  av-animated-generic bottom-to-top  flex_column_div av-zero-column-padding avia-link-column av-column-link avia-link-column-hover first  avia-builder-el-13  el_after_av_one_fourth  el_before_av_one_fourth  column-top-margin\" style='border-radius:0px; ' data-link-column-url=\"https:\/\/photos.google.com\/share\/AF1QipPg7ArH4ypE9hQtOHXS6pRi_q7439CT9z6fufkxACOGglhzse-yrEaCSGkmCveddA?key=bmV5OUg4SFh0OVA3OVJBd19JWDUyY2NLa0wyV19n\"  data-link-column-target=\"_blank\" ><a class=\"av-screen-reader-only\" href=\"https:\/\/photos.google.com\/share\/AF1QipPg7ArH4ypE9hQtOHXS6pRi_q7439CT9z6fufkxACOGglhzse-yrEaCSGkmCveddA?key=bmV5OUg4SFh0OVA3OVJBd19JWDUyY2NLa0wyV19n\" target=\"_blank\" rel=\"noopener\">Follow a manual added link<\/a><p><div  class='avia-image-container  av-styling-    avia-builder-el-14  el_before_av_textblock  avia-builder-el-first  avia-align-center '  itemprop=\"image\" itemscope=\"itemscope\" itemtype=\"https:\/\/schema.org\/ImageObject\"  ><div class='avia-image-container-inner'><div class='avia-image-overlay-wrap'><img decoding=\"async\" class='wp-image-2536 avia-img-lazy-loading-not-2536 avia_image' src=\"https:\/\/bodrumyarimaratonu.com\/wp-content\/uploads\/2022\/03\/2019-5.jpg?wsr\" alt='' title='2019-5' height=\"270\" width=\"270\"  itemprop=\"thumbnailUrl\" srcset=\"https:\/\/bodrumyarimaratonu.com\/wp-content\/uploads\/2022\/03\/2019-5.jpg 270w, https:\/\/bodrumyarimaratonu.com\/wp-content\/uploads\/2022\/03\/2019-5-80x80.jpg 80w, https:\/\/bodrumyarimaratonu.com\/wp-content\/uploads\/2022\/03\/2019-5-36x36.jpg 36w, https:\/\/bodrumyarimaratonu.com\/wp-content\/uploads\/2022\/03\/2019-5-180x180.jpg 180w\" sizes=\"(max-width: 270px) 100vw, 270px\" \/><\/div><\/div><\/div><br \/>\n<section class=\"av_textblock_section \"  itemscope=\"itemscope\" itemtype=\"https:\/\/schema.org\/CreativeWork\" ><div class='avia_textblock  '   itemprop=\"text\" ><p style=\"text-align: center;\"><strong>Club Catamaran Spor Festivali 2019<\/strong><\/p>\n<\/div><\/section><\/p><\/div>\n<div class=\"flex_column av_one_fourth  av-animated-generic bottom-to-top  flex_column_div av-zero-column-padding avia-link-column av-column-link avia-link-column-hover   avia-builder-el-16  el_after_av_one_fourth  el_before_av_one_fourth  column-top-margin\" style='border-radius:0px; ' data-link-column-url=\"https:\/\/photos.google.com\/share\/AF1QipNZ3bKXI8VygkACiBZ_p7UHVg4iunLZ3ZALuMLmdsKmFNPyP21ijgmH5ReGWyY9bA?key=ZlRVNGFYTjZSOUMteXJ0OWJoN0ozOTJKOUZsTG5R\"  data-link-column-target=\"_blank\" ><a class=\"av-screen-reader-only\" href=\"https:\/\/photos.google.com\/share\/AF1QipNZ3bKXI8VygkACiBZ_p7UHVg4iunLZ3ZALuMLmdsKmFNPyP21ijgmH5ReGWyY9bA?key=ZlRVNGFYTjZSOUMteXJ0OWJoN0ozOTJKOUZsTG5R\" target=\"_blank\" rel=\"noopener\">Follow a manual added link<\/a><p><div  class='avia-image-container  av-styling-    avia-builder-el-17  el_before_av_textblock  avia-builder-el-first  avia-align-center '  itemprop=\"image\" itemscope=\"itemscope\" itemtype=\"https:\/\/schema.org\/ImageObject\"  ><div class='avia-image-container-inner'><div class='avia-image-overlay-wrap'><img decoding=\"async\" class='wp-image-2537 avia-img-lazy-loading-not-2537 avia_image' src=\"https:\/\/bodrumyarimaratonu.com\/wp-content\/uploads\/2022\/03\/2019-6.jpg?wsr\" alt='' title='2019-6' height=\"270\" width=\"270\"  itemprop=\"thumbnailUrl\" srcset=\"https:\/\/bodrumyarimaratonu.com\/wp-content\/uploads\/2022\/03\/2019-6.jpg 270w, https:\/\/bodrumyarimaratonu.com\/wp-content\/uploads\/2022\/03\/2019-6-80x80.jpg 80w, https:\/\/bodrumyarimaratonu.com\/wp-content\/uploads\/2022\/03\/2019-6-36x36.jpg 36w, https:\/\/bodrumyarimaratonu.com\/wp-content\/uploads\/2022\/03\/2019-6-180x180.jpg 180w\" sizes=\"(max-width: 270px) 100vw, 270px\" \/><\/div><\/div><\/div><br \/>\n<section class=\"av_textblock_section \"  itemscope=\"itemscope\" itemtype=\"https:\/\/schema.org\/CreativeWork\" ><div class='avia_textblock  '   itemprop=\"text\" ><div class=\"col-lg-3 col-md-6\">\n<div class=\"cy_gal_img\">\n<p style=\"text-align: center;\"><strong>TED Bodrum Koleji Minik Mandalinalar<\/strong><\/p>\n<\/div>\n<\/div>\n<div class=\"col-lg-3 col-md-6\" style=\"text-align: center;\"><\/div>\n<\/div><\/section><\/p><\/div>\n<div class=\"flex_column av_one_fourth  av-animated-generic bottom-to-top  flex_column_div av-zero-column-padding avia-link-column av-column-link avia-link-column-hover   avia-builder-el-19  el_after_av_one_fourth  el_before_av_one_fourth  column-top-margin\" style='border-radius:0px; ' data-link-column-url=\"https:\/\/photos.google.com\/share\/AF1QipNTs44_H3387UO7EhKqgCxSGhpwhA_I_9JQ-EuiGXK4f7xojWnw-eFjUfOGpBMgdg?key=b0VfWnJFLWZUdWJsaG9nUXZEa0JGY0JNM1hKY1hR\"  data-link-column-target=\"_blank\" ><a class=\"av-screen-reader-only\" href=\"https:\/\/photos.google.com\/share\/AF1QipNTs44_H3387UO7EhKqgCxSGhpwhA_I_9JQ-EuiGXK4f7xojWnw-eFjUfOGpBMgdg?key=b0VfWnJFLWZUdWJsaG9nUXZEa0JGY0JNM1hKY1hR\" target=\"_blank\" rel=\"noopener\">Follow a manual added link<\/a><p><div  class='avia-image-container  av-styling-    avia-builder-el-20  el_before_av_textblock  avia-builder-el-first  avia-align-center '  itemprop=\"image\" itemscope=\"itemscope\" itemtype=\"https:\/\/schema.org\/ImageObject\"  ><div class='avia-image-container-inner'><div class='avia-image-overlay-wrap'><img decoding=\"async\" class='wp-image-2538 avia-img-lazy-loading-not-2538 avia_image' src=\"https:\/\/bodrumyarimaratonu.com\/wp-content\/uploads\/2022\/03\/2019-7.jpg?wsr\" alt='' title='2019-7' height=\"270\" width=\"270\"  itemprop=\"thumbnailUrl\" srcset=\"https:\/\/bodrumyarimaratonu.com\/wp-content\/uploads\/2022\/03\/2019-7.jpg 270w, https:\/\/bodrumyarimaratonu.com\/wp-content\/uploads\/2022\/03\/2019-7-80x80.jpg 80w, https:\/\/bodrumyarimaratonu.com\/wp-content\/uploads\/2022\/03\/2019-7-36x36.jpg 36w, https:\/\/bodrumyarimaratonu.com\/wp-content\/uploads\/2022\/03\/2019-7-180x180.jpg 180w\" sizes=\"(max-width: 270px) 100vw, 270px\" \/><\/div><\/div><\/div><br \/>\n<section class=\"av_textblock_section \"  itemscope=\"itemscope\" itemtype=\"https:\/\/schema.org\/CreativeWork\" ><div class='avia_textblock  '   itemprop=\"text\" ><div class=\"col-lg-3 col-md-6\">\n<div class=\"cy_gal_img\">\n<p style=\"text-align: center;\"><strong>Beat Bodrum 2019<\/strong><\/p>\n<\/div>\n<\/div>\n<div class=\"col-lg-3 col-md-6\" style=\"text-align: center;\"><\/div>\n<\/div><\/section><\/p><\/div>\n<div class=\"flex_column av_one_fourth  av-animated-generic bottom-to-top  flex_column_div av-zero-column-padding avia-link-column av-column-link avia-link-column-hover   avia-builder-el-22  el_after_av_one_fourth  el_before_av_one_fourth  column-top-margin\" style='border-radius:0px; ' data-link-column-url=\"https:\/\/photos.google.com\/share\/AF1QipPg9K2DzYK8FM-H7lrJCh483Fh572xiBjY6iEJqBZuUH2GGoHIHzrxaF1yERPb2IA?key=dUJoVE1PTVpDNjRQdDhvd2NuNFR0MWJadnh1Z3Zn\"  data-link-column-target=\"_blank\" ><a class=\"av-screen-reader-only\" href=\"https:\/\/photos.google.com\/share\/AF1QipPg9K2DzYK8FM-H7lrJCh483Fh572xiBjY6iEJqBZuUH2GGoHIHzrxaF1yERPb2IA?key=dUJoVE1PTVpDNjRQdDhvd2NuNFR0MWJadnh1Z3Zn\" target=\"_blank\" rel=\"noopener\">Follow a manual added link<\/a><p><div  class='avia-image-container  av-styling-    avia-builder-el-23  el_before_av_textblock  avia-builder-el-first  avia-align-center '  itemprop=\"image\" itemscope=\"itemscope\" itemtype=\"https:\/\/schema.org\/ImageObject\"  ><div class='avia-image-container-inner'><div class='avia-image-overlay-wrap'><img decoding=\"async\" class='wp-image-2539 avia-img-lazy-loading-not-2539 avia_image' src=\"https:\/\/bodrumyarimaratonu.com\/wp-content\/uploads\/2022\/03\/2019-8.jpg?wsr\" alt='' title='2019-8' height=\"270\" width=\"270\"  itemprop=\"thumbnailUrl\" srcset=\"https:\/\/bodrumyarimaratonu.com\/wp-content\/uploads\/2022\/03\/2019-8.jpg 270w, https:\/\/bodrumyarimaratonu.com\/wp-content\/uploads\/2022\/03\/2019-8-80x80.jpg 80w, https:\/\/bodrumyarimaratonu.com\/wp-content\/uploads\/2022\/03\/2019-8-36x36.jpg 36w, https:\/\/bodrumyarimaratonu.com\/wp-content\/uploads\/2022\/03\/2019-8-180x180.jpg 180w\" sizes=\"(max-width: 270px) 100vw, 270px\" \/><\/div><\/div><\/div><br \/>\n<section class=\"av_textblock_section \"  itemscope=\"itemscope\" itemtype=\"https:\/\/schema.org\/CreativeWork\" ><div class='avia_textblock  '   itemprop=\"text\" ><div class=\"col-lg-3 col-md-6\">\n<div class=\"cy_gal_img\">\n<p style=\"text-align: center;\"><strong>Spor S\u00f6yle\u015fileri 2019<\/strong><\/p>\n<\/div>\n<\/div>\n<div class=\"col-lg-3 col-md-6\" style=\"text-align: center;\"><\/div>\n<\/div><\/section><\/p><\/div>\n<div class=\"flex_column av_one_fourth  av-animated-generic bottom-to-top  flex_column_div av-zero-column-padding avia-link-column av-column-link avia-link-column-hover first  avia-builder-el-25  el_after_av_one_fourth  el_before_av_one_fourth  column-top-margin\" style='border-radius:0px; ' data-link-column-url=\"https:\/\/photos.google.com\/share\/AF1QipNBspDdpE5XuAxLnfB8Wb8wEakTE9GKPKh1tUeKQk3RtewzXSssAj8pAVarqRe88Q?key=N3BWRHhDVWM3WDYwaXY4dHEwSHBDVjB0U2MySXdR\"  data-link-column-target=\"_blank\" ><a class=\"av-screen-reader-only\" href=\"https:\/\/photos.google.com\/share\/AF1QipNBspDdpE5XuAxLnfB8Wb8wEakTE9GKPKh1tUeKQk3RtewzXSssAj8pAVarqRe88Q?key=N3BWRHhDVWM3WDYwaXY4dHEwSHBDVjB0U2MySXdR\" target=\"_blank\" rel=\"noopener\">Follow a manual added link<\/a><p><div  class='avia-image-container  av-styling-    avia-builder-el-26  el_before_av_textblock  avia-builder-el-first  avia-align-center '  itemprop=\"image\" itemscope=\"itemscope\" itemtype=\"https:\/\/schema.org\/ImageObject\"  ><div class='avia-image-container-inner'><div class='avia-image-overlay-wrap'><img decoding=\"async\" class='wp-image-2540 avia-img-lazy-loading-not-2540 avia_image' src=\"https:\/\/bodrumyarimaratonu.com\/wp-content\/uploads\/2022\/03\/2019-9.jpg?wsr\" alt='' title='2019-9' height=\"270\" width=\"270\"  itemprop=\"thumbnailUrl\" srcset=\"https:\/\/bodrumyarimaratonu.com\/wp-content\/uploads\/2022\/03\/2019-9.jpg 270w, https:\/\/bodrumyarimaratonu.com\/wp-content\/uploads\/2022\/03\/2019-9-80x80.jpg 80w, https:\/\/bodrumyarimaratonu.com\/wp-content\/uploads\/2022\/03\/2019-9-36x36.jpg 36w, https:\/\/bodrumyarimaratonu.com\/wp-content\/uploads\/2022\/03\/2019-9-180x180.jpg 180w\" sizes=\"(max-width: 270px) 100vw, 270px\" \/><\/div><\/div><\/div><br \/>\n<section class=\"av_textblock_section \"  itemscope=\"itemscope\" itemtype=\"https:\/\/schema.org\/CreativeWork\" ><div class='avia_textblock  '   itemprop=\"text\" ><div class=\"col-lg-3 col-md-6\">\n<div class=\"cy_gal_img\">\n<div class=\"col-lg-3 col-md-6\">\n<div class=\"cy_gal_img\">\n<p style=\"text-align: center;\"><strong>\u00d6d\u00fcl T\u00f6reni 2019<\/strong><\/p>\n<\/div>\n<\/div>\n<div class=\"col-lg-3 col-md-6\" style=\"text-align: center;\"><\/div>\n<\/div>\n<\/div>\n<div class=\"col-lg-3 col-md-6\" style=\"text-align: center;\"><\/div>\n<\/div><\/section><\/p><\/div>\n<div class=\"flex_column av_one_fourth  av-animated-generic bottom-to-top  flex_column_div av-zero-column-padding avia-link-column av-column-link avia-link-column-hover   avia-builder-el-28  el_after_av_one_fourth  el_before_av_one_fourth  column-top-margin\" style='border-radius:0px; ' data-link-column-url=\"https:\/\/photos.google.com\/share\/AF1QipOd7yGZ6aOV4JwCW3YhdKxrgHU9jnSxS3PivgKrbjTaAUU4FYlRXqZlj2Xn0j-idQ?key=cWNkdEx1eXg1YVRBTHZ4dkZvZFNUd0phOXJTYVlR\"  data-link-column-target=\"_blank\" ><a class=\"av-screen-reader-only\" href=\"https:\/\/photos.google.com\/share\/AF1QipOd7yGZ6aOV4JwCW3YhdKxrgHU9jnSxS3PivgKrbjTaAUU4FYlRXqZlj2Xn0j-idQ?key=cWNkdEx1eXg1YVRBTHZ4dkZvZFNUd0phOXJTYVlR\" target=\"_blank\" rel=\"noopener\">Follow a manual added link<\/a><p><div  class='avia-image-container  av-styling-    avia-builder-el-29  el_before_av_textblock  avia-builder-el-first  avia-align-center '  itemprop=\"image\" itemscope=\"itemscope\" itemtype=\"https:\/\/schema.org\/ImageObject\"  ><div class='avia-image-container-inner'><div class='avia-image-overlay-wrap'><img decoding=\"async\" class='wp-image-2541 avia-img-lazy-loading-not-2541 avia_image' src=\"https:\/\/bodrumyarimaratonu.com\/wp-content\/uploads\/2022\/03\/2019-10.jpg?wsr\" alt='' title='2019-10' height=\"270\" width=\"270\"  itemprop=\"thumbnailUrl\" srcset=\"https:\/\/bodrumyarimaratonu.com\/wp-content\/uploads\/2022\/03\/2019-10.jpg 270w, https:\/\/bodrumyarimaratonu.com\/wp-content\/uploads\/2022\/03\/2019-10-80x80.jpg 80w, https:\/\/bodrumyarimaratonu.com\/wp-content\/uploads\/2022\/03\/2019-10-36x36.jpg 36w, https:\/\/bodrumyarimaratonu.com\/wp-content\/uploads\/2022\/03\/2019-10-180x180.jpg 180w\" sizes=\"(max-width: 270px) 100vw, 270px\" \/><\/div><\/div><\/div><br \/>\n<section class=\"av_textblock_section \"  itemscope=\"itemscope\" itemtype=\"https:\/\/schema.org\/CreativeWork\" ><div class='avia_textblock  '   itemprop=\"text\" ><div class=\"cy_gallery_wrapper cy_section_padding padder_bottom100\">\n<div class=\"container\">\n<div class=\"row\">\n<div class=\"col-lg-3 col-md-6\">\n<div class=\"cy_gal_img\">\n<p style=\"text-align: center;\"><strong>Mandalin Club After Party 2019<\/strong><\/p>\n<\/div>\n<\/div>\n<\/div>\n<\/div>\n<\/div>\n<div class=\"cy_footer_wrapper cy_section_padding padder_bottom75\">\n<div class=\"container\">\n<div class=\"row\">\n<div class=\"col-lg-3 col-md-6\" style=\"text-align: center;\"><\/div>\n<\/div>\n<\/div>\n<\/div>\n<\/div><\/section><\/p><\/div>\n<div class=\"flex_column av_one_fourth  flex_column_div av-zero-column-padding   avia-builder-el-31  el_after_av_one_fourth  el_before_av_one_fourth  column-top-margin\" style='border-radius:0px; '><\/div>\n<div class=\"flex_column av_one_fourth  flex_column_div av-zero-column-padding   avia-builder-el-32  el_after_av_one_fourth  avia-builder-el-last  column-top-margin\" style='border-radius:0px; '><\/div>\n","protected":false},"excerpt":{"rendered":"","protected":false},"author":1,"featured_media":0,"parent":0,"menu_order":0,"comment_status":"closed","ping_status":"closed","template":"","meta":{"footnotes":""},"class_list":["post-2685","page","type-page","status-publish","hentry"],"aioseo_notices":[],"_links":{"self":[{"href":"https:\/\/bodrumyarimaratonu.com\/en\/wp-json\/wp\/v2\/pages\/2685","targetHints":{"allow":["GET"]}}],"collection":[{"href":"https:\/\/bodrumyarimaratonu.com\/en\/wp-json\/wp\/v2\/pages"}],"about":[{"href":"https:\/\/bodrumyarimaratonu.com\/en\/wp-json\/wp\/v2\/types\/page"}],"author":[{"embeddable":true,"href":"https:\/\/bodrumyarimaratonu.com\/en\/wp-json\/wp\/v2\/users\/1"}],"replies":[{"embeddable":true,"href":"https:\/\/bodrumyarimaratonu.com\/en\/wp-json\/wp\/v2\/comments?post=2685"}],"version-history":[{"count":5,"href":"https:\/\/bodrumyarimaratonu.com\/en\/wp-json\/wp\/v2\/pages\/2685\/revisions"}],"predecessor-version":[{"id":4350,"href":"https:\/\/bodrumyarimaratonu.com\/en\/wp-json\/wp\/v2\/pages\/2685\/revisions\/4350"}],"wp:attachment":[{"href":"https:\/\/bodrumyarimaratonu.com\/en\/wp-json\/wp\/v2\/media?parent=2685"}],"curies":[{"name":"wp","href":"https:\/\/api.w.org\/{rel}","templated":true}]}}