{"id":2594,"date":"2022-03-05T17:12:44","date_gmt":"2022-03-05T14:12:44","guid":{"rendered":"https:\/\/bodrumyarimaratonu.com\/bodrum-health-foundation\/"},"modified":"2025-11-04T22:40:18","modified_gmt":"2025-11-04T19:40:18","slug":"bodrum-health-foundation","status":"publish","type":"page","link":"https:\/\/bodrumyarimaratonu.com\/en\/bodrum-health-foundation\/","title":{"rendered":"BODRUM HEALTH FOUNDATION"},"content":{"rendered":"<div id='full_slider_1'  class='avia-fullwidth-slider main_color avia-shadow   avia-builder-el-0  el_before_av_video  avia-builder-el-first   container_wrap sidebar_right' style=' '  ><div   data-size='featured'  data-lightbox_size='large'  data-animation='slide'  data-conditional_play=''  data-ids='4639'  data-video_counter='0'  data-autoplay='false'  data-bg_slider='false'  data-slide_height=''  data-handle='av_slideshow_full'  data-interval='5'  data-class=' '  data-el_id=''  data-css_id=''  data-scroll_down=''  data-control_layout='av-control-default'  data-custom_markup=''  data-perma_caption=''  data-autoplay_stopper=''  data-image_attachment=''  data-min_height='0px'  data-lazy_loading='disabled'  data-src=''  data-position='top left'  data-repeat='no-repeat'  data-attach='scroll'  data-stretch=''  data-default-height='28.666666666667'  class='avia-slideshow avia-slideshow-1  av-control-default av-default-height-applied avia-slideshow-featured av_slideshow_full   avia-slide-slider '  itemprop=\"image\" itemscope=\"itemscope\" itemtype=\"https:\/\/schema.org\/ImageObject\" ><ul class='avia-slideshow-inner ' style='padding-bottom: 20%;' ><li  class=' av-single-slide slide-1 ' ><div data-rel='slideshow-1' class='avia-slide-wrap '   ><img decoding=\"async\" class=\"wp-image-4639 avia-img-lazy-loading-not-4639\"  src=\"https:\/\/bodrumyarimaratonu.com\/wp-content\/uploads\/2025\/11\/BYM26_Slider_1500x300.jpg?wsr\" width=\"1500\" height=\"300\" title='BYM26_Slider_1500x300' alt=''  itemprop=\"thumbnailUrl\" srcset=\"https:\/\/bodrumyarimaratonu.com\/wp-content\/uploads\/2025\/11\/BYM26_Slider_1500x300.jpg 1500w, https:\/\/bodrumyarimaratonu.com\/wp-content\/uploads\/2025\/11\/BYM26_Slider_1500x300-300x60.jpg 300w, https:\/\/bodrumyarimaratonu.com\/wp-content\/uploads\/2025\/11\/BYM26_Slider_1500x300-1030x206.jpg 1030w, https:\/\/bodrumyarimaratonu.com\/wp-content\/uploads\/2025\/11\/BYM26_Slider_1500x300-768x154.jpg 768w, https:\/\/bodrumyarimaratonu.com\/wp-content\/uploads\/2025\/11\/BYM26_Slider_1500x300-705x141.jpg 705w\" sizes=\"(max-width: 1500px) 100vw, 1500px\" \/><\/div><\/li><\/ul><\/div><\/div><div id='after_full_slider_1'  class='main_color av_default_container_wrap container_wrap sidebar_right' style=' '  ><div class='container' ><div class='template-page content  av-content-small alpha units'><div class='post-entry post-entry-type-page post-entry-2594'><div class='entry-content-wrapper clearfix'>\n<div  class='avia-video avia-video-16-9   av-lazyload-immediate  av-lazyload-video-embed  '   itemprop=\"video\" itemtype=\"https:\/\/schema.org\/VideoObject\"  data-original_url='https:\/\/www.youtube.com\/watch?v=S8YrxMiibWc' ><script type='text\/html' class='av-video-tmpl'><div class='avia-iframe-wrap'><iframe loading=\"lazy\" title=\"Bodrum Sa\u011fl\u0131k Vakf\u0131 Tan\u0131t\u0131m Filmi\" width=\"1500\" height=\"844\" src=\"https:\/\/www.youtube.com\/embed\/S8YrxMiibWc?feature=oembed&autoplay=0&loop=1&controls=1&mute=0\" frameborder=\"0\" allow=\"accelerometer; autoplay; clipboard-write; encrypted-media; gyroscope; picture-in-picture\" allowfullscreen><\/iframe><\/div><\/script><div class='av-click-to-play-overlay'><div class=\"avia_playpause_icon\"><\/div><\/div><\/div>\n<div class=\"flex_column av_one_full  flex_column_div av-zero-column-padding first  avia-builder-el-2  el_after_av_video  el_before_av_section  avia-builder-el-last  \" style='border-radius:0px; '><section class=\"av_textblock_section \"  itemscope=\"itemscope\" itemtype=\"https:\/\/schema.org\/CreativeWork\" ><div class='avia_textblock  '   itemprop=\"text\" ><p style=\"text-align: left;\"><b>Bodrum Health Foundation<\/b>\u00a0was established with the aim of increasing the awareness of the society on disability and its problems, providing vocation to disabled people and integrate them and their families into social life. Bodrum Health Foundation works hard on providing world-class service with its professional staff, as well as physiotherapy and personal development services determined by the Ministry of National Education. Bodrum Health Foundation keeps developing new projects in cooperation with local administrations in order to make urban facilities suitable for disabled people. In order to achieve its purpose, it continues to work in cooperation with local, national and international related non-governmental organizations, institutions and organizations.<\/p>\n<p style=\"text-align: left;\">By participating to Bodrum Half Marathon, all runners will support our special friends. Because love does not recognize any obstacles.<\/p>\n<\/div><\/section><\/div>\n<\/div><\/div><\/div><!-- close content main div --><\/div><\/div><div id='av_section_1'  class='avia-section main_color avia-section-default avia-no-border-styling  avia-bg-style-scroll  avia-builder-el-4  el_after_av_one_full  avia-builder-el-last   container_wrap sidebar_right' style='background-color: #193f59;  '  ><div class='container' ><div class='template-page content  av-content-small alpha units'><div class='post-entry post-entry-type-page post-entry-2594'><div class='entry-content-wrapper clearfix'>\n<div class=\"flex_column av_one_half  flex_column_div av-zero-column-padding first  avia-builder-el-5  el_before_av_one_fourth  avia-builder-el-first  \" style='border-radius:0px; '><p><div  style='padding-bottom:10px; color:#ffffff;' class='av-special-heading av-special-heading-h3 custom-color-heading   avia-builder-el-6  el_before_av_textblock  avia-builder-el-first  '><h3 class='av-special-heading-tag '  itemprop=\"headline\"  >BODRUM HALF MARATHON<\/h3><div class='special-heading-border'><div class='special-heading-inner-border' style='border-color:#ffffff'><\/div><\/div><\/div><br \/>\n<section class=\"av_textblock_section \"  itemscope=\"itemscope\" itemtype=\"https:\/\/schema.org\/CreativeWork\" ><div class='avia_textblock  av_inherit_color '  style='color:#ffffff; '  itemprop=\"text\" ><p style=\"text-align: left;\">Bodrum Half Marathon will be held in the first week of October with its 21K &#8211; 10K &#8211; 5K courses embracing history and beauty. Myndos Gate, Antique Theater, Bitez and Kumbahce beaches await all running lovers and their families.<\/p>\n<\/div><\/section><\/p><\/div><div class=\"flex_column av_one_fourth  flex_column_div av-zero-column-padding   avia-builder-el-8  el_after_av_one_half  el_before_av_one_fourth  \" style='border-radius:0px; '><p><div  style='padding-bottom:10px; color:#ffffff;' class='av-special-heading av-special-heading-h3 custom-color-heading   avia-builder-el-9  el_before_av_textblock  avia-builder-el-first  '><h3 class='av-special-heading-tag '  itemprop=\"headline\"  >CONTACT<\/h3><div class='special-heading-border'><div class='special-heading-inner-border' style='border-color:#ffffff'><\/div><\/div><\/div><br \/>\n<section class=\"av_textblock_section \"  itemscope=\"itemscope\" itemtype=\"https:\/\/schema.org\/CreativeWork\" ><div class='avia_textblock  av_inherit_color '  style='color:#ffffff; '  itemprop=\"text\" ><p style=\"text-align: left;\">info@bodrumyarimaratonu.com<\/p>\n<\/div><\/section><br \/>\n<div  class='avia-image-container  av-styling-    avia-builder-el-11  el_after_av_textblock  avia-builder-el-last  avia-align-left '  itemprop=\"image\" itemscope=\"itemscope\" itemtype=\"https:\/\/schema.org\/ImageObject\"  ><div class='avia-image-container-inner'><div class='avia-image-overlay-wrap'><img decoding=\"async\" class='wp-image-4168 avia-img-lazy-loading-not-4168 avia_image' src=\"https:\/\/bodrumyarimaratonu.com\/wp-content\/uploads\/2024\/12\/Mint_Logo-BB_72ppi_kucuk.png?wsr\" alt='' title='Mint_Logo-BB_72ppi_kucuk' height=\"54\" width=\"117\"  itemprop=\"thumbnailUrl\"  \/><\/div><\/div><\/div><\/p><\/div><div class=\"flex_column av_one_fourth  flex_column_div av-zero-column-padding   avia-builder-el-12  el_after_av_one_fourth  avia-builder-el-last  \" style='border-radius:0px; '><p><div  style='padding-bottom:10px; color:#ffffff;' class='av-special-heading av-special-heading-h3 custom-color-heading   avia-builder-el-13  el_before_av_gallery  avia-builder-el-first  '><h3 class='av-special-heading-tag '  itemprop=\"headline\"  >RACES<\/h3><div class='special-heading-border'><div class='special-heading-inner-border' style='border-color:#ffffff'><\/div><\/div><\/div><br \/>\n<div  class='avia-gallery  avia-gallery-1 avia_lazyload avia-gallery-animate avia_animate_when_visible  avia-builder-el-14  el_after_av_heading  avia-builder-el-last '  itemprop=\"image\" itemscope=\"itemscope\" itemtype=\"https:\/\/schema.org\/ImageObject\" ><div class='avia-gallery-thumb'> <a href=\"https:\/\/bodrumyarimaratonu.com\/wp-content\/uploads\/2024\/02\/21K.jpg?wsr\" data-srcset=\"https:\/\/bodrumyarimaratonu.com\/wp-content\/uploads\/2024\/02\/21K.jpg 300w, https:\/\/bodrumyarimaratonu.com\/wp-content\/uploads\/2024\/02\/21K-259x300.jpg 259w\" data-sizes=\"(max-width: 300px) 100vw, 300px\" data-rel='gallery-1' data-prev-img='https:\/\/bodrumyarimaratonu.com\/wp-content\/uploads\/2024\/02\/21K.jpg?wsr' class='first_thumb custom_link aviaopeninbrowser noLightbox ' data-onclick='1' title='21K'  itemprop=\"thumbnailUrl\"  ><img decoding=\"async\" class=\"wp-image-3500 avia-img-lazy-loading-not-3500\"   src=\"https:\/\/bodrumyarimaratonu.com\/wp-content\/uploads\/2024\/02\/21K.jpg?wsr\" width=\"300\" height=\"347\"  title='21K' alt='' srcset=\"https:\/\/bodrumyarimaratonu.com\/wp-content\/uploads\/2024\/02\/21K.jpg 300w, https:\/\/bodrumyarimaratonu.com\/wp-content\/uploads\/2024\/02\/21K-259x300.jpg 259w\" sizes=\"(max-width: 300px) 100vw, 300px\" \/><\/a> <a href=\"https:\/\/bodrumyarimaratonu.com\/wp-content\/uploads\/2024\/02\/10K.jpg?wsr\" data-srcset=\"https:\/\/bodrumyarimaratonu.com\/wp-content\/uploads\/2024\/02\/10K.jpg 300w, https:\/\/bodrumyarimaratonu.com\/wp-content\/uploads\/2024\/02\/10K-259x300.jpg 259w\" data-sizes=\"(max-width: 300px) 100vw, 300px\" data-rel='gallery-1' data-prev-img='https:\/\/bodrumyarimaratonu.com\/wp-content\/uploads\/2024\/02\/10K.jpg?wsr' class='custom_link aviaopeninbrowser noLightbox ' data-onclick='2' title='10K'  itemprop=\"thumbnailUrl\"  ><img decoding=\"async\" class=\"wp-image-3496 avia-img-lazy-loading-not-3496\"   src=\"https:\/\/bodrumyarimaratonu.com\/wp-content\/uploads\/2024\/02\/10K.jpg?wsr\" width=\"300\" height=\"347\"  title='10K' alt='' srcset=\"https:\/\/bodrumyarimaratonu.com\/wp-content\/uploads\/2024\/02\/10K.jpg 300w, https:\/\/bodrumyarimaratonu.com\/wp-content\/uploads\/2024\/02\/10K-259x300.jpg 259w\" sizes=\"(max-width: 300px) 100vw, 300px\" \/><\/a> <a href=\"https:\/\/bodrumyarimaratonu.com\/wp-content\/uploads\/2024\/02\/5K.jpg?wsr\" data-srcset=\"https:\/\/bodrumyarimaratonu.com\/wp-content\/uploads\/2024\/02\/5K.jpg 300w, https:\/\/bodrumyarimaratonu.com\/wp-content\/uploads\/2024\/02\/5K-259x300.jpg 259w\" data-sizes=\"(max-width: 300px) 100vw, 300px\" data-rel='gallery-1' data-prev-img='https:\/\/bodrumyarimaratonu.com\/wp-content\/uploads\/2024\/02\/5K.jpg?wsr' class='custom_link aviaopeninbrowser noLightbox ' data-onclick='3' title='5K'  itemprop=\"thumbnailUrl\"  ><img decoding=\"async\" class=\"wp-image-3492 avia-img-lazy-loading-not-3492\"   src=\"https:\/\/bodrumyarimaratonu.com\/wp-content\/uploads\/2024\/02\/5K.jpg?wsr\" width=\"300\" height=\"347\"  title='5K' alt='' srcset=\"https:\/\/bodrumyarimaratonu.com\/wp-content\/uploads\/2024\/02\/5K.jpg 300w, https:\/\/bodrumyarimaratonu.com\/wp-content\/uploads\/2024\/02\/5K-259x300.jpg 259w\" sizes=\"(max-width: 300px) 100vw, 300px\" \/><\/a><\/div><\/div><\/p><\/div>\n<\/div><\/div><\/div><!-- close content main div --><\/div><\/div><div id='after_section_1'  class='main_color av_default_container_wrap container_wrap sidebar_right' style=' '  ><div class='container' ><div class='template-page content  av-content-small alpha units'><div class='post-entry post-entry-type-page post-entry-2594'><div class='entry-content-wrapper clearfix'>\n","protected":false},"excerpt":{"rendered":"","protected":false},"author":1,"featured_media":0,"parent":0,"menu_order":0,"comment_status":"closed","ping_status":"closed","template":"","meta":{"footnotes":""},"class_list":["post-2594","page","type-page","status-publish","hentry"],"aioseo_notices":[],"_links":{"self":[{"href":"https:\/\/bodrumyarimaratonu.com\/en\/wp-json\/wp\/v2\/pages\/2594","targetHints":{"allow":["GET"]}}],"collection":[{"href":"https:\/\/bodrumyarimaratonu.com\/en\/wp-json\/wp\/v2\/pages"}],"about":[{"href":"https:\/\/bodrumyarimaratonu.com\/en\/wp-json\/wp\/v2\/types\/page"}],"author":[{"embeddable":true,"href":"https:\/\/bodrumyarimaratonu.com\/en\/wp-json\/wp\/v2\/users\/1"}],"replies":[{"embeddable":true,"href":"https:\/\/bodrumyarimaratonu.com\/en\/wp-json\/wp\/v2\/comments?post=2594"}],"version-history":[{"count":10,"href":"https:\/\/bodrumyarimaratonu.com\/en\/wp-json\/wp\/v2\/pages\/2594\/revisions"}],"predecessor-version":[{"id":4694,"href":"https:\/\/bodrumyarimaratonu.com\/en\/wp-json\/wp\/v2\/pages\/2594\/revisions\/4694"}],"wp:attachment":[{"href":"https:\/\/bodrumyarimaratonu.com\/en\/wp-json\/wp\/v2\/media?parent=2594"}],"curies":[{"name":"wp","href":"https:\/\/api.w.org\/{rel}","templated":true}]}}