{"id":2592,"date":"2022-03-05T17:14:01","date_gmt":"2022-03-05T14:14:01","guid":{"rendered":"https:\/\/bodrumyarimaratonu.com\/press\/"},"modified":"2025-11-04T22:45:51","modified_gmt":"2025-11-04T19:45:51","slug":"press","status":"publish","type":"page","link":"https:\/\/bodrumyarimaratonu.com\/en\/press\/","title":{"rendered":"PRESS"},"content":{"rendered":"<div id='full_slider_1'  class='avia-fullwidth-slider main_color avia-shadow   avia-builder-el-0  el_before_av_one_full  avia-builder-el-first   container_wrap sidebar_right' style=' '  ><div   data-size='featured'  data-lightbox_size='large'  data-animation='slide'  data-conditional_play=''  data-ids='4639'  data-video_counter='0'  data-autoplay='false'  data-bg_slider='false'  data-slide_height=''  data-handle='av_slideshow_full'  data-interval='5'  data-class=' '  data-el_id=''  data-css_id=''  data-scroll_down=''  data-control_layout='av-control-default'  data-custom_markup=''  data-perma_caption=''  data-autoplay_stopper=''  data-image_attachment=''  data-min_height='0px'  data-lazy_loading='disabled'  data-src=''  data-position='top left'  data-repeat='no-repeat'  data-attach='scroll'  data-stretch=''  data-default-height='28.666666666667'  class='avia-slideshow avia-slideshow-1  av-control-default av-default-height-applied avia-slideshow-featured av_slideshow_full   avia-slide-slider '  itemprop=\"image\" itemscope=\"itemscope\" itemtype=\"https:\/\/schema.org\/ImageObject\" ><ul class='avia-slideshow-inner ' style='padding-bottom: 20%;' ><li  class=' av-single-slide slide-1 ' ><div data-rel='slideshow-1' class='avia-slide-wrap '   ><img decoding=\"async\" class=\"wp-image-4639 avia-img-lazy-loading-not-4639\"  src=\"https:\/\/bodrumyarimaratonu.com\/wp-content\/uploads\/2025\/11\/BYM26_Slider_1500x300.jpg?wsr\" width=\"1500\" height=\"300\" title='BYM26_Slider_1500x300' alt=''  itemprop=\"thumbnailUrl\" srcset=\"https:\/\/bodrumyarimaratonu.com\/wp-content\/uploads\/2025\/11\/BYM26_Slider_1500x300.jpg 1500w, https:\/\/bodrumyarimaratonu.com\/wp-content\/uploads\/2025\/11\/BYM26_Slider_1500x300-300x60.jpg 300w, https:\/\/bodrumyarimaratonu.com\/wp-content\/uploads\/2025\/11\/BYM26_Slider_1500x300-1030x206.jpg 1030w, https:\/\/bodrumyarimaratonu.com\/wp-content\/uploads\/2025\/11\/BYM26_Slider_1500x300-768x154.jpg 768w, https:\/\/bodrumyarimaratonu.com\/wp-content\/uploads\/2025\/11\/BYM26_Slider_1500x300-705x141.jpg 705w\" sizes=\"(max-width: 1500px) 100vw, 1500px\" \/><\/div><\/li><\/ul><\/div><\/div><div id='after_full_slider_1'  class='main_color av_default_container_wrap container_wrap sidebar_right' style=' '  ><div class='container' ><div class='template-page content  av-content-small alpha units'><div class='post-entry post-entry-type-page post-entry-2592'><div class='entry-content-wrapper clearfix'>\n<div class=\"flex_column av_one_full  flex_column_div av-zero-column-padding first  avia-builder-el-1  el_after_av_slideshow_full  el_before_av_section  avia-builder-el-no-sibling  \" style='border-radius:0px; '><p><div  class='avia-image-container  av-styling-    avia-builder-el-2  el_before_av_hr  avia-builder-el-first  avia-align-left '  itemprop=\"image\" itemscope=\"itemscope\" itemtype=\"https:\/\/schema.org\/ImageObject\"  ><div class='avia-image-container-inner'><div class='avia-image-overlay-wrap'><img decoding=\"async\" class='wp-image-2550 avia-img-lazy-loading-not-2550 avia_image' src=\"https:\/\/bodrumyarimaratonu.com\/wp-content\/uploads\/2022\/03\/gazeteler.jpg?wsr\" alt='' title='gazeteler' height=\"465\" width=\"925\"  itemprop=\"thumbnailUrl\" srcset=\"https:\/\/bodrumyarimaratonu.com\/wp-content\/uploads\/2022\/03\/gazeteler.jpg 925w, https:\/\/bodrumyarimaratonu.com\/wp-content\/uploads\/2022\/03\/gazeteler-300x151.jpg 300w, https:\/\/bodrumyarimaratonu.com\/wp-content\/uploads\/2022\/03\/gazeteler-768x386.jpg 768w, https:\/\/bodrumyarimaratonu.com\/wp-content\/uploads\/2022\/03\/gazeteler-705x354.jpg 705w\" sizes=\"(max-width: 925px) 100vw, 925px\" \/><\/div><\/div><\/div><br \/>\n<div   class='hr hr-default   avia-builder-el-3  el_after_av_image  el_before_av_textblock '><span class='hr-inner ' ><span class='hr-inner-style'><\/span><\/span><\/div><br \/>\n<section class=\"av_textblock_section \"  itemscope=\"itemscope\" itemtype=\"https:\/\/schema.org\/CreativeWork\" ><div class='avia_textblock  '   itemprop=\"text\" ><p style=\"font-weight: 400; text-align: left;\"><a href=\"http:\/\/qoshe.com\/dunya\/didem-eryar-unlu\/adim-at-dunya-degissin-\/12069096\">Ad\u0131m At, D\u00fcnya De\u011fi\u015fsin!<\/a> \/ Qoshe \/ 01.10.2018<\/p>\n<p style=\"font-weight: 400; text-align: left;\"><a href=\"http:\/\/www.yarimadagazetesi.com\/haber\/cagdas-bodrum-yari-maratonu-5-ekim-de\/\">\u00c7a\u011fda\u015fBodrum Yar\u0131 Maratonu 5 Ekim\u2019de<\/a> \/ Yar\u0131mada Gazetesi \/ 27.09.2018<\/p>\n<p style=\"font-weight: 400; text-align: left;\"><a href=\"http:\/\/www.bodrumageldik.com\/haberler\/126059\/cagdas-bodrum-yari-maratonu-surprizlerle-geliyor-hazir-misiniz-\">\u00c7a\u011fda\u015f Bodrum Yar\u0131 Maratonu S\u00fcrprizlerle Geliyor. Haz\u0131r m\u0131s\u0131n\u0131z? <\/a>\/ bodrumageldik.com \/22.09.2018<\/p>\n<p style=\"font-weight: 400; text-align: left;\"><a href=\"http:\/\/www.http\/www.bodrumageldik.com\/haberler\/126200\/macera-tutku-eglence-bodrum-da-ozgurluge-adim-at-\">Macera\u2026Tutku\u2026 E\u011flence\u2026 Bodrum\u2019da \u00d6zg\u00fcrl\u00fc\u011fe Ad\u0131m At!<\/a> \/ bodrumageldik.com \/ 25.09.2018<\/p>\n<p style=\"font-weight: 400; text-align: left;\"><a href=\"http:\/\/www.bodrumageldik.com\/haberler\/126411\/sadece-kosmuyoruz-engelleri-de-asiyoruz\">Sadece Ko\u015fmuyoruz. Engelleri de A\u015f\u0131yoruz<\/a> \/ bodrumageldik.com \/ 22.09.2018<\/p>\n<p style=\"font-weight: 400; text-align: left;\"><a href=\"http:\/\/www.bodrumageldik.com\/haberler\/125932\/adim-at-dunya-degissin\">Ad\u0131m At, D\u00fcnya De\u011fi\u015fsin<\/a> \/ bodrumageldik.com \/ 20.09.2018<\/p>\n<p style=\"font-weight: 400; text-align: left;\"><a href=\"http:\/\/www.bodrumageldik.com\/haberler\/125770\/festival-tadinda-kosuya-hazir-misiniz-\">Festival Tad\u0131nda Ko\u015fuya Haz\u0131r m\u0131s\u0131n\u0131z? <\/a>\/ bodrumageldik.com \/ 17.09.2018<\/p>\n<p style=\"font-weight: 400; text-align: left;\"><a href=\"http:\/\/www.bodrumluculuk.com\/cagdas-bodrum-yari-maratonu\/\">\u00c7a\u011fda\u015f Bodrum Yar\u0131 Maratonu<\/a> \/ bodrumluculuk.com \/ 14.09.2018<\/p>\n<p style=\"font-weight: 400; text-align: left;\"><a href=\"https:\/\/www.fanatik.com.tr\/yazarlar\/eylem-turk\/amacimiz-spor-yapmak-isteyenlere-destek-olmak-2010353\">Amac\u0131m\u0131z Spor Yapmak \u0130steyenlere Destek Olmak<\/a> \/ Fanatik \/ 13.09.2018<\/p>\n<p style=\"font-weight: 400; text-align: left;\"><a href=\"https:\/\/www.haberler.com\/sporseverler-icin-bodrum-vakti-11208906-haberi\/\">Sporseverler i\u00e7in Bodrum Vakti<\/a> \/ haberler.com \/ 06.09.2018<\/p>\n<p style=\"font-weight: 400; text-align: left;\"><a href=\"https:\/\/www.msn.com\/tr-tr\/finans\/ekonomi\/yar%C4%B1-maraton-tam-festival\/ar-BBMWwSQ\">Yar\u0131 Maraton, Tam Festival<\/a> \/ Msn \/ 06.09.2018<\/p>\n<p style=\"font-weight: 400; text-align: left;\"><a href=\"http:\/\/www.hurriyet.com.tr\/ekonomi\/cagdas-bodrum-yari-maratonu-icin-geri-sayim-basladi-40948145\">\u00c7a\u011fda\u015f Bodrum Yar\u0131 Maratonu i\u00e7in Geri Say\u0131m Ba\u015flad\u0131<\/a> \/ H\u00fcrriyet \/ 06.09.2018<\/p>\n<p style=\"font-weight: 400; text-align: left;\"><a href=\"https:\/\/www.haberturk.com\/cagdas-bodrum-yari-maratonu-icin-kayitlar-acildi-2132860\">\u00c7a\u011fda\u015f Bodrum Yar\u0131 Maratonu i\u00e7in Kay\u0131tlar A\u00e7\u0131ld\u0131<\/a> \/ Habert\u00fcrk \/ 06.09.2018<\/p>\n<p style=\"font-weight: 400; text-align: left;\"><a href=\"http:\/\/www.posta.com.tr\/bodrumda-yari-maraton-tam-festival-2045982\">Bodrum\u2019da Yar\u0131 Maraton Tam Festival <\/a>\/ Posta \/ 06.09.2018<\/p>\n<p style=\"font-weight: 400; text-align: left;\"><a href=\"http:\/\/www.milliyet.com.tr\/cagdas-bodrum-yari-maratonu-icin-kayitlar-mugla-yerelhaber-3017087\/\">\u00c7a\u011fda\u015f Bodrum Yar\u0131 Maratonu i\u00e7in Kay\u0131tlar A\u00e7\u0131ld\u0131<\/a> \/ Milliyet \/ 06.09.2018<\/p>\n<p style=\"font-weight: 400; text-align: left;\"><a href=\"http:\/\/www.ntvspor.net\/diger-sporlar\/yari-maraton-tam-festival-5b90ed8bfebaf10ebcc7b64e\">Yar\u0131 Maraton Tam Festival<\/a> \/ Ntvspor \/ 06.09.2018<\/p>\n<p style=\"font-weight: 400; text-align: left;\"><a href=\"https:\/\/www.cnnturk.com\/ekonomi\/sirketler\/yari-maraton-tam-festival\">Yar\u0131 Maraton, Tam Festival<\/a> \/ CNNTurk \/ 06.09.2018<\/p>\n<p style=\"font-weight: 400; text-align: left;\"><a href=\"https:\/\/www.mynet.com\/bodrum-maratonu-icin-kayitlar-acildi-110104376146\">Bodrum Yar\u0131 Maratonu i\u00e7in Kay\u0131tlar A\u00e7\u0131ld\u0131<\/a> \/ mynet \/ 06.09.2018<\/p>\n<p style=\"font-weight: 400; text-align: left;\"><a href=\"http:\/\/www.cekiste.com\/festival-tadinda-maraton\">Festival Tad\u0131nda Maraton<\/a> \/ \u00c7eki\u015fte \/ 04.09.2018<\/p>\n<p style=\"font-weight: 400; text-align: left;\"><a href=\"https:\/\/www.menshealth.com.tr\/festival-tadinda-maraton\/\">Festival Tad\u0131nda Maraton<\/a> \/ Men\u2019s Health \/ 04.09.2018<\/p>\n<p style=\"font-weight: 400; text-align: left;\"><a href=\"http:\/\/www.bodrumaktif.com\/bodrumda-kosmak-ister-misiniz\/\">Bodrum&#8217;da Ko\u015fmak \u0130ster misiniz?<\/a> \/ Bodrum Aktif \/ Eyl\u00fcl&#8217;018<\/p>\n<p style=\"font-weight: 400; text-align: left;\"><a href=\"https:\/\/www.gazeteduvar.com.tr\/kultur-sanat\/2018\/09\/08\/cagdas-bodrum-yari-maratonu-festival-gibi-maraton\/\">Festival Gibi Maraton<\/a> \/ Duvar Gazetesi \/ 09.08.2018<\/p>\n<p style=\"font-weight: 400; text-align: left;\"><a href=\"https:\/\/www.menshealth.com.tr\/cagdas-bodrum-yari-maratonu\">\u00c7a\u011fda\u015f Bodrum Yar\u0131 Maratonu<\/a> \/ Men\u2019s Health \/ 08.08.2018<\/p>\n<p style=\"font-weight: 400; text-align: left;\"><a href=\"http:\/\/www.bodrumtime.net\/2018\/08\/07\/festival-tadinda-maraton\/\">Festival Tad\u0131nda Maraton<\/a> \/ Bodrum Time \/ 07.08.2018<\/p>\n<p style=\"font-weight: 400; text-align: left;\"><a href=\"https:\/\/www.runnersworldtr.com\/cagdas-bodrum-yari-maratonu\/\">\u00c7a\u011fda\u015f Bodrum Yar\u0131 Maratonu<\/a> \/ Runner\u2019s World \/ 01.08.2018<\/p>\n<p style=\"font-weight: 400; text-align: left;\"><a href=\"https:\/\/www.runnersworldtr.com\/kosan-mandalinalar\/\">Ko\u015fan Mandalinalar<\/a> \/ Runner\u2019s World \/ 02.07.2018<\/p>\n<p style=\"font-weight: 400; text-align: left;\"><a href=\"http:\/\/www.bodrumageldik.com\/mobil\/hdetay.php?newsid=120936\">Festival Tad\u0131nda Maraton<\/a> \/ bodrumageldik.com \/ 21.06.2018<\/p>\n<p style=\"font-weight: 400; text-align: left;\"><a href=\"http:\/\/www.bodrumania.com\/bodrumun-en-cagdas-organizasyonu\/\">Bodrum\u2019un En \u00c7a\u011fda\u015f Organizasyonu<\/a> \/ bodrumania.com \/ 21.06.2018<\/p>\n<p style=\"font-weight: 400; text-align: left;\"><a href=\"http:\/\/www.milliyet.com.tr\/ekim-de-bodrum-yari-maratonu-planlaniyor-mugla-yerelhaber-2583603\/\">Ekim&#8217;de Bodrum Yar\u0131 Maratonu Planlan\u0131yor<\/a> \/ Milliyet \/ 08.02.2018<\/p>\n<p style=\"font-weight: 400; text-align: left;\"><a href=\"http:\/\/www.kenttv.net\/haber.php?id=40861\">Yar\u0131 Maraton i\u00e7in Haz\u0131rl\u0131klar Ba\u015flad\u0131<\/a> \/ Kent Tv \/ 07.02.2018<\/p>\n<\/div><\/section><\/p><\/div>\n<\/div><\/div><\/div><!-- close content main div --><\/div><\/div><div id='av_section_1'  class='avia-section main_color avia-section-default avia-no-border-styling  avia-bg-style-scroll  avia-builder-el-5  el_after_av_one_full  avia-builder-el-last   container_wrap sidebar_right' style='background-color: #193f59;  '  ><div class='container' ><div class='template-page content  av-content-small alpha units'><div class='post-entry post-entry-type-page post-entry-2592'><div class='entry-content-wrapper clearfix'>\n<div class=\"flex_column av_one_half  flex_column_div av-zero-column-padding first  avia-builder-el-6  el_before_av_one_fourth  avia-builder-el-first  \" style='border-radius:0px; '><p><div  style='padding-bottom:10px; color:#ffffff;' class='av-special-heading av-special-heading-h3 custom-color-heading   avia-builder-el-7  el_before_av_textblock  avia-builder-el-first  '><h3 class='av-special-heading-tag '  itemprop=\"headline\"  >BODRUM HALF MARATHON<\/h3><div class='special-heading-border'><div class='special-heading-inner-border' style='border-color:#ffffff'><\/div><\/div><\/div><br \/>\n<section class=\"av_textblock_section \"  itemscope=\"itemscope\" itemtype=\"https:\/\/schema.org\/CreativeWork\" ><div class='avia_textblock  av_inherit_color '  style='color:#ffffff; '  itemprop=\"text\" ><p style=\"text-align: left;\">Bodrum Half Marathon will be held in the first week of October with its 21K &#8211; 10K &#8211; 5K courses embracing history and beauty. Myndos Gate, Antique Theater, Bitez and Kumbahce beaches await all running lovers and their families.<\/p>\n<\/div><\/section><\/p><\/div><div class=\"flex_column av_one_fourth  flex_column_div av-zero-column-padding   avia-builder-el-9  el_after_av_one_half  el_before_av_one_fourth  \" style='border-radius:0px; '><p><div  style='padding-bottom:10px; color:#ffffff;' class='av-special-heading av-special-heading-h3 custom-color-heading   avia-builder-el-10  el_before_av_textblock  avia-builder-el-first  '><h3 class='av-special-heading-tag '  itemprop=\"headline\"  >CONTACT<\/h3><div class='special-heading-border'><div class='special-heading-inner-border' style='border-color:#ffffff'><\/div><\/div><\/div><br \/>\n<section class=\"av_textblock_section \"  itemscope=\"itemscope\" itemtype=\"https:\/\/schema.org\/CreativeWork\" ><div class='avia_textblock  av_inherit_color '  style='color:#ffffff; '  itemprop=\"text\" ><p style=\"text-align: left;\">info@bodrumyarimaratonu.com<\/p>\n<\/div><\/section><br \/>\n<div  class='avia-image-container  av-styling-    avia-builder-el-12  el_after_av_textblock  avia-builder-el-last  avia-align-left '  itemprop=\"image\" itemscope=\"itemscope\" itemtype=\"https:\/\/schema.org\/ImageObject\"  ><div class='avia-image-container-inner'><div class='avia-image-overlay-wrap'><img decoding=\"async\" class='wp-image-4168 avia-img-lazy-loading-not-4168 avia_image' src=\"https:\/\/bodrumyarimaratonu.com\/wp-content\/uploads\/2024\/12\/Mint_Logo-BB_72ppi_kucuk.png?wsr\" alt='' title='Mint_Logo-BB_72ppi_kucuk' height=\"54\" width=\"117\"  itemprop=\"thumbnailUrl\"  \/><\/div><\/div><\/div><\/p><\/div><div class=\"flex_column av_one_fourth  flex_column_div av-zero-column-padding   avia-builder-el-13  el_after_av_one_fourth  avia-builder-el-last  \" style='border-radius:0px; '><p><div  style='padding-bottom:10px; color:#ffffff;' class='av-special-heading av-special-heading-h3 custom-color-heading   avia-builder-el-14  el_before_av_gallery  avia-builder-el-first  '><h3 class='av-special-heading-tag '  itemprop=\"headline\"  >RACES<\/h3><div class='special-heading-border'><div class='special-heading-inner-border' style='border-color:#ffffff'><\/div><\/div><\/div><br \/>\n<div  class='avia-gallery  avia-gallery-1 avia_lazyload avia-gallery-animate avia_animate_when_visible  avia-builder-el-15  el_after_av_heading  avia-builder-el-last '  itemprop=\"image\" itemscope=\"itemscope\" itemtype=\"https:\/\/schema.org\/ImageObject\" ><div class='avia-gallery-thumb'> <a href=\"https:\/\/bodrumyarimaratonu.com\/wp-content\/uploads\/2024\/02\/21K.jpg?wsr\" data-srcset=\"https:\/\/bodrumyarimaratonu.com\/wp-content\/uploads\/2024\/02\/21K.jpg 300w, https:\/\/bodrumyarimaratonu.com\/wp-content\/uploads\/2024\/02\/21K-259x300.jpg 259w\" data-sizes=\"(max-width: 300px) 100vw, 300px\" data-rel='gallery-1' data-prev-img='https:\/\/bodrumyarimaratonu.com\/wp-content\/uploads\/2024\/02\/21K.jpg?wsr' class='first_thumb custom_link aviaopeninbrowser noLightbox ' data-onclick='1' title='21K'  itemprop=\"thumbnailUrl\"  ><img decoding=\"async\" class=\"wp-image-3500 avia-img-lazy-loading-not-3500\"   src=\"https:\/\/bodrumyarimaratonu.com\/wp-content\/uploads\/2024\/02\/21K.jpg?wsr\" width=\"300\" height=\"347\"  title='21K' alt='' srcset=\"https:\/\/bodrumyarimaratonu.com\/wp-content\/uploads\/2024\/02\/21K.jpg 300w, https:\/\/bodrumyarimaratonu.com\/wp-content\/uploads\/2024\/02\/21K-259x300.jpg 259w\" sizes=\"(max-width: 300px) 100vw, 300px\" \/><\/a> <a href=\"https:\/\/bodrumyarimaratonu.com\/wp-content\/uploads\/2024\/02\/10K.jpg?wsr\" data-srcset=\"https:\/\/bodrumyarimaratonu.com\/wp-content\/uploads\/2024\/02\/10K.jpg 300w, https:\/\/bodrumyarimaratonu.com\/wp-content\/uploads\/2024\/02\/10K-259x300.jpg 259w\" data-sizes=\"(max-width: 300px) 100vw, 300px\" data-rel='gallery-1' data-prev-img='https:\/\/bodrumyarimaratonu.com\/wp-content\/uploads\/2024\/02\/10K.jpg?wsr' class='custom_link aviaopeninbrowser noLightbox ' data-onclick='2' title='10K'  itemprop=\"thumbnailUrl\"  ><img decoding=\"async\" class=\"wp-image-3496 avia-img-lazy-loading-not-3496\"   src=\"https:\/\/bodrumyarimaratonu.com\/wp-content\/uploads\/2024\/02\/10K.jpg?wsr\" width=\"300\" height=\"347\"  title='10K' alt='' srcset=\"https:\/\/bodrumyarimaratonu.com\/wp-content\/uploads\/2024\/02\/10K.jpg 300w, https:\/\/bodrumyarimaratonu.com\/wp-content\/uploads\/2024\/02\/10K-259x300.jpg 259w\" sizes=\"(max-width: 300px) 100vw, 300px\" \/><\/a> <a href=\"https:\/\/bodrumyarimaratonu.com\/wp-content\/uploads\/2024\/02\/5K.jpg?wsr\" data-srcset=\"https:\/\/bodrumyarimaratonu.com\/wp-content\/uploads\/2024\/02\/5K.jpg 300w, https:\/\/bodrumyarimaratonu.com\/wp-content\/uploads\/2024\/02\/5K-259x300.jpg 259w\" data-sizes=\"(max-width: 300px) 100vw, 300px\" data-rel='gallery-1' data-prev-img='https:\/\/bodrumyarimaratonu.com\/wp-content\/uploads\/2024\/02\/5K.jpg?wsr' class='custom_link aviaopeninbrowser noLightbox ' data-onclick='3' title='5K'  itemprop=\"thumbnailUrl\"  ><img decoding=\"async\" class=\"wp-image-3492 avia-img-lazy-loading-not-3492\"   src=\"https:\/\/bodrumyarimaratonu.com\/wp-content\/uploads\/2024\/02\/5K.jpg?wsr\" width=\"300\" height=\"347\"  title='5K' alt='' srcset=\"https:\/\/bodrumyarimaratonu.com\/wp-content\/uploads\/2024\/02\/5K.jpg 300w, https:\/\/bodrumyarimaratonu.com\/wp-content\/uploads\/2024\/02\/5K-259x300.jpg 259w\" sizes=\"(max-width: 300px) 100vw, 300px\" \/><\/a><\/div><\/div><\/p><\/div>\n<\/div><\/div><\/div><!-- close content main div --><\/div><\/div><div id='after_section_1'  class='main_color av_default_container_wrap container_wrap sidebar_right' style=' '  ><div class='container' ><div class='template-page content  av-content-small alpha units'><div class='post-entry post-entry-type-page post-entry-2592'><div class='entry-content-wrapper clearfix'>\n","protected":false},"excerpt":{"rendered":"","protected":false},"author":1,"featured_media":0,"parent":0,"menu_order":0,"comment_status":"closed","ping_status":"closed","template":"","meta":{"footnotes":""},"class_list":["post-2592","page","type-page","status-publish","hentry"],"aioseo_notices":[],"_links":{"self":[{"href":"https:\/\/bodrumyarimaratonu.com\/en\/wp-json\/wp\/v2\/pages\/2592","targetHints":{"allow":["GET"]}}],"collection":[{"href":"https:\/\/bodrumyarimaratonu.com\/en\/wp-json\/wp\/v2\/pages"}],"about":[{"href":"https:\/\/bodrumyarimaratonu.com\/en\/wp-json\/wp\/v2\/types\/page"}],"author":[{"embeddable":true,"href":"https:\/\/bodrumyarimaratonu.com\/en\/wp-json\/wp\/v2\/users\/1"}],"replies":[{"embeddable":true,"href":"https:\/\/bodrumyarimaratonu.com\/en\/wp-json\/wp\/v2\/comments?post=2592"}],"version-history":[{"count":9,"href":"https:\/\/bodrumyarimaratonu.com\/en\/wp-json\/wp\/v2\/pages\/2592\/revisions"}],"predecessor-version":[{"id":4706,"href":"https:\/\/bodrumyarimaratonu.com\/en\/wp-json\/wp\/v2\/pages\/2592\/revisions\/4706"}],"wp:attachment":[{"href":"https:\/\/bodrumyarimaratonu.com\/en\/wp-json\/wp\/v2\/media?parent=2592"}],"curies":[{"name":"wp","href":"https:\/\/api.w.org\/{rel}","templated":true}]}}